{"id":1384,"date":"2017-10-19T13:25:48","date_gmt":"2017-10-19T11:25:48","guid":{"rendered":"http:\/\/vcuoe.leeage.at\/?page_id=1384"},"modified":"2018-05-25T16:15:55","modified_gmt":"2018-05-25T14:15:55","slug":"haftungsausschluss","status":"publish","type":"page","link":"https:\/\/www.vcuoe.at\/zh\/haftungsausschluss","title":{"rendered":"\u514d\u8d23\u58f0\u660e"},"content":{"rendered":"<p>[vc_row][vc_column][vc_column_text]1. Inhalte<\/p>\n<p>Diese Seiten sind Bestandteil der Internetpr\u00e4sentation der VCUOE (die Vereinigung Chinesischer Unternehmen in \u00d6sterreich). F\u00fcr Vollst\u00e4ndigkeit, Fehler redaktioneller und technischer Art, Auslassungen usw. sowie die Richtigkeit der Eintragungen kann keine Haftung \u00fcbernommen werden. Haftungsanspr\u00fcche gegen den Autor, welche sich auf Sch\u00e4den materieller oder ideeller Art beziehen, die durch die Nutzung oder Nichtnutzung der dargebotenen Informationen bzw. durch die Nutzung fehlerhafter und unvollst\u00e4ndiger Informationen verursacht wurden, sind grunds\u00e4tzlich ausgeschlossen, sofern seitens der VCUOE kein nachweislich vors\u00e4tzliches oder grob fahrl\u00e4ssiges Verschulden vorliegt. Von diesen eigenen Inhalten sind Querverweise auf die von anderen Anbietern bereitgehaltenen Inhalte zu unterscheiden.<\/p>\n<p>2. Verweise und Links<\/p>\n<p>Die Verweise durch Hyperlinks auf Inhalte fremder Webseiten dienen lediglich der Information. Die Verantwortlichkeit f\u00fcr diese fremden Inhalte liegt alleine bei dem Anbieter, der die Inhalte bereith\u00e4lt. Vor dem Einrichten des entsprechenden Verweises sind die Web-Seiten der anderen Anbieter mit gro\u00dfer Sorgfalt und nach bestem Wissen und Gewissen \u00fcberpr\u00fcft worden. Es kann jedoch keine Gew\u00e4hr f\u00fcr die Vollst\u00e4ndigkeit und Richtigkeit von Informationen \u00fcbernommen werden, die \u00fcber weiterf\u00fchrende Hyperlinks erreicht werden. Der Inhalt der anderen Web-Seiten kann jederzeit ohne Wissen der Redaktion der VCUOE ge\u00e4ndert werden.<\/p>\n<p>Bei den verlinkten externen Seiten handelt es sich ausschlie\u00dflich um fremde Inhalte. Die VCUOE \u00fcbernimmt keine Verantwortung f\u00fcr den Inhalt der verlinkten Seiten. Insbesondere kann keine Gew\u00e4hr f\u00fcr die Vollst\u00e4ndigkeit und Richtigkeit von Informationen \u00fcbernommen werden, die \u00fcber weiterf\u00fchrende Links erreicht werden.<\/p>\n<p>F\u00fcr s\u00e4mtliche Links auf diesen Seiten gilt: Wir betonen, dass wir keinen Einfluss auf die Gestaltung und die Inhalte der durch Link von unserer Homepage aus erreichbaren Seiten anderer Anbieter haben und uns deren Inhalt nicht zu eigen machen. Diese Erkl\u00e4rung gilt f\u00fcr alle Seiten dieser Homepage und die dort angebrachten Links.<\/p>\n<p>Falls der VCUOE auf Seiten verweist, deren Inhalt Anlass zur Beanstandung gibt, bittet die Internet-Redaktion um Mitteilung.<\/p>\n<p>Die Internet-Redaktion des VCUOE beh\u00e4lt sich das Recht vor, ohne vorherige Ank\u00fcndigung die bereitgestellten Informationen zu andern, zu erg\u00e4nzen oder zu entfernen.<\/p>\n<p>[\/vc_column_text][\/vc_column][\/vc_row]<\/p>\n","protected":false},"excerpt":{"rendered":"<p>[vc_row][vc_column][vc_column_text]1. Inhalte Diese Sei<\/p>\n","protected":false},"author":1,"featured_media":0,"parent":0,"menu_order":0,"comment_status":"closed","ping_status":"closed","template":"","meta":{"footnotes":""},"class_list":["post-1384","page","type-page","status-publish","hentry"],"translation":{"provider":"WPGlobus","version":"3.0.0","language":"zh","enabled_languages":["de","zh"],"languages":{"de":{"title":true,"content":true,"excerpt":false},"zh":{"title":true,"content":false,"excerpt":false}}},"_links":{"self":[{"href":"https:\/\/www.vcuoe.at\/zh\/wp-json\/wp\/v2\/pages\/1384","targetHints":{"allow":["GET"]}}],"collection":[{"href":"https:\/\/www.vcuoe.at\/zh\/wp-json\/wp\/v2\/pages"}],"about":[{"href":"https:\/\/www.vcuoe.at\/zh\/wp-json\/wp\/v2\/types\/page"}],"author":[{"embeddable":true,"href":"https:\/\/www.vcuoe.at\/zh\/wp-json\/wp\/v2\/users\/1"}],"replies":[{"embeddable":true,"href":"https:\/\/www.vcuoe.at\/zh\/wp-json\/wp\/v2\/comments?post=1384"}],"version-history":[{"count":5,"href":"https:\/\/www.vcuoe.at\/zh\/wp-json\/wp\/v2\/pages\/1384\/revisions"}],"predecessor-version":[{"id":2453,"href":"https:\/\/www.vcuoe.at\/zh\/wp-json\/wp\/v2\/pages\/1384\/revisions\/2453"}],"wp:attachment":[{"href":"https:\/\/www.vcuoe.at\/zh\/wp-json\/wp\/v2\/media?parent=1384"}],"curies":[{"name":"wp","href":"https:\/\/api.w.org\/{rel}","templated":true}]}}